{"id":55,"date":"2025-10-30T02:28:44","date_gmt":"2025-10-30T02:28:44","guid":{"rendered":"https:\/\/putovanja.plucentar.com\/?page_id=55"},"modified":"2025-10-30T02:28:44","modified_gmt":"2025-10-30T02:28:44","slug":"putovanja","status":"publish","type":"page","link":"https:\/\/putovanja.plucentar.com\/index.php\/putovanja\/","title":{"rendered":"Putovanja"},"content":{"rendered":"\n<p>Putovanja koja ostavljaju trag.<\/p>\n\n\n\n<p>Svako putovanje koje radim ima svoju pri\u010du.<br>Od skrivenih kutaka Bosne i Hercegovine do svjetskih destinacija \u2014 cilj je da prika\u017eem ono \u0161to vrijedi do\u017eivjeti i osjetiti.<br>Na ovoj stranici prona\u0107i \u0107ete moje emisije, blogove i video reporta\u017ee s putovanja koje inspiri\u0161u.<\/p>\n","protected":false},"excerpt":{"rendered":"<p>Putovanja koja ostavljaju trag. Svako putovanje koje radim ima svoju pri\u010du.Od skrivenih kutaka Bosne i Hercegovine do svjetskih destinacija \u2014 cilj je da prika\u017eem ono \u0161to vrijedi do\u017eivjeti i osjetiti.Na ovoj stranici prona\u0107i \u0107ete moje emisije, blogove i video reporta\u017ee s putovanja koje inspiri\u0161u.<\/p>\n","protected":false},"author":1,"featured_media":0,"parent":0,"menu_order":0,"comment_status":"closed","ping_status":"closed","template":"","meta":{"footnotes":""},"class_list":["post-55","page","type-page","status-publish","hentry"],"_links":{"self":[{"href":"https:\/\/putovanja.plucentar.com\/index.php\/wp-json\/wp\/v2\/pages\/55","targetHints":{"allow":["GET"]}}],"collection":[{"href":"https:\/\/putovanja.plucentar.com\/index.php\/wp-json\/wp\/v2\/pages"}],"about":[{"href":"https:\/\/putovanja.plucentar.com\/index.php\/wp-json\/wp\/v2\/types\/page"}],"author":[{"embeddable":true,"href":"https:\/\/putovanja.plucentar.com\/index.php\/wp-json\/wp\/v2\/users\/1"}],"replies":[{"embeddable":true,"href":"https:\/\/putovanja.plucentar.com\/index.php\/wp-json\/wp\/v2\/comments?post=55"}],"version-history":[{"count":1,"href":"https:\/\/putovanja.plucentar.com\/index.php\/wp-json\/wp\/v2\/pages\/55\/revisions"}],"predecessor-version":[{"id":56,"href":"https:\/\/putovanja.plucentar.com\/index.php\/wp-json\/wp\/v2\/pages\/55\/revisions\/56"}],"wp:attachment":[{"href":"https:\/\/putovanja.plucentar.com\/index.php\/wp-json\/wp\/v2\/media?parent=55"}],"curies":[{"name":"wp","href":"https:\/\/api.w.org\/{rel}","templated":true}]}}