{"id":57,"date":"2025-10-30T02:29:56","date_gmt":"2025-10-30T02:29:56","guid":{"rendered":"https:\/\/putovanja.plucentar.com\/?page_id=57"},"modified":"2025-10-30T02:29:56","modified_gmt":"2025-10-30T02:29:56","slug":"emisije","status":"publish","type":"page","link":"https:\/\/putovanja.plucentar.com\/index.php\/emisije\/","title":{"rendered":"Emisije"},"content":{"rendered":"\n<p>PLU Putopisne emisije<\/p>\n\n\n\n<p>Ovdje mo\u017eete pogledati sve epizode putopisne emisije <strong>PLU Putovanja<\/strong>, koje donose autenti\u010dne pri\u010de, susrete i do\u017eivljaje iz razli\u010ditih krajeva.<br>Kroz svaku epizodu poku\u0161avam pokazati ne samo destinaciju, ve\u0107 i duh ljudi koji tamo \u017eive.<\/p>\n\n\n\n<p>\ud83c\udfac <em>Svaka emisija je putovanje kroz vrijednosti, tradiciju i ljepotu svijeta.<\/em><\/p>\n","protected":false},"excerpt":{"rendered":"<p>PLU Putopisne emisije Ovdje mo\u017eete pogledati sve epizode putopisne emisije PLU Putovanja, koje donose autenti\u010dne pri\u010de, susrete i do\u017eivljaje iz razli\u010ditih krajeva.Kroz svaku epizodu poku\u0161avam pokazati ne samo destinaciju, ve\u0107 i duh ljudi koji tamo \u017eive. \ud83c\udfac Svaka emisija je putovanje kroz vrijednosti, tradiciju i ljepotu svijeta.<\/p>\n","protected":false},"author":1,"featured_media":0,"parent":0,"menu_order":0,"comment_status":"closed","ping_status":"closed","template":"","meta":{"footnotes":""},"class_list":["post-57","page","type-page","status-publish","hentry"],"_links":{"self":[{"href":"https:\/\/putovanja.plucentar.com\/index.php\/wp-json\/wp\/v2\/pages\/57","targetHints":{"allow":["GET"]}}],"collection":[{"href":"https:\/\/putovanja.plucentar.com\/index.php\/wp-json\/wp\/v2\/pages"}],"about":[{"href":"https:\/\/putovanja.plucentar.com\/index.php\/wp-json\/wp\/v2\/types\/page"}],"author":[{"embeddable":true,"href":"https:\/\/putovanja.plucentar.com\/index.php\/wp-json\/wp\/v2\/users\/1"}],"replies":[{"embeddable":true,"href":"https:\/\/putovanja.plucentar.com\/index.php\/wp-json\/wp\/v2\/comments?post=57"}],"version-history":[{"count":1,"href":"https:\/\/putovanja.plucentar.com\/index.php\/wp-json\/wp\/v2\/pages\/57\/revisions"}],"predecessor-version":[{"id":58,"href":"https:\/\/putovanja.plucentar.com\/index.php\/wp-json\/wp\/v2\/pages\/57\/revisions\/58"}],"wp:attachment":[{"href":"https:\/\/putovanja.plucentar.com\/index.php\/wp-json\/wp\/v2\/media?parent=57"}],"curies":[{"name":"wp","href":"https:\/\/api.w.org\/{rel}","templated":true}]}}