{"id":59,"date":"2025-10-30T02:31:20","date_gmt":"2025-10-30T02:31:20","guid":{"rendered":"https:\/\/putovanja.plucentar.com\/?page_id=59"},"modified":"2025-10-30T02:31:20","modified_gmt":"2025-10-30T02:31:20","slug":"preporucujemo","status":"publish","type":"page","link":"https:\/\/putovanja.plucentar.com\/index.php\/preporucujemo\/","title":{"rendered":"Preporu\u010dujemo"},"content":{"rendered":"\n<p><br>Mjesta i ljudi koji inspiri\u0161u.<\/p>\n\n\n\n<p>U ovom dijelu projekta predstavljamo preporu\u010dena mjesta, partnere i ljude koji \u010dine razliku.<br>Od hotela i restorana, do lokalnih vodi\u010da i zanimljivih pri\u010da \u2014 sve \u0161to vrijedi posjetiti, do\u017eivjeti i preporu\u010diti drugima.<\/p>\n\n\n\n<p><em>Na\u0161a preporuka temelji se na iskustvu, iskrenosti i do\u017eivljenom.<\/em><\/p>\n","protected":false},"excerpt":{"rendered":"<p>Mjesta i ljudi koji inspiri\u0161u. U ovom dijelu projekta predstavljamo preporu\u010dena mjesta, partnere i ljude koji \u010dine razliku.Od hotela i restorana, do lokalnih vodi\u010da i zanimljivih pri\u010da \u2014 sve \u0161to vrijedi posjetiti, do\u017eivjeti i preporu\u010diti drugima. Na\u0161a preporuka temelji se na iskustvu, iskrenosti i do\u017eivljenom.<\/p>\n","protected":false},"author":1,"featured_media":0,"parent":0,"menu_order":0,"comment_status":"closed","ping_status":"closed","template":"","meta":{"footnotes":""},"class_list":["post-59","page","type-page","status-publish","hentry"],"_links":{"self":[{"href":"https:\/\/putovanja.plucentar.com\/index.php\/wp-json\/wp\/v2\/pages\/59","targetHints":{"allow":["GET"]}}],"collection":[{"href":"https:\/\/putovanja.plucentar.com\/index.php\/wp-json\/wp\/v2\/pages"}],"about":[{"href":"https:\/\/putovanja.plucentar.com\/index.php\/wp-json\/wp\/v2\/types\/page"}],"author":[{"embeddable":true,"href":"https:\/\/putovanja.plucentar.com\/index.php\/wp-json\/wp\/v2\/users\/1"}],"replies":[{"embeddable":true,"href":"https:\/\/putovanja.plucentar.com\/index.php\/wp-json\/wp\/v2\/comments?post=59"}],"version-history":[{"count":1,"href":"https:\/\/putovanja.plucentar.com\/index.php\/wp-json\/wp\/v2\/pages\/59\/revisions"}],"predecessor-version":[{"id":60,"href":"https:\/\/putovanja.plucentar.com\/index.php\/wp-json\/wp\/v2\/pages\/59\/revisions\/60"}],"wp:attachment":[{"href":"https:\/\/putovanja.plucentar.com\/index.php\/wp-json\/wp\/v2\/media?parent=59"}],"curies":[{"name":"wp","href":"https:\/\/api.w.org\/{rel}","templated":true}]}}