{"id":61,"date":"2025-10-30T02:34:42","date_gmt":"2025-10-30T02:34:42","guid":{"rendered":"https:\/\/putovanja.plucentar.com\/?page_id=61"},"modified":"2025-10-30T02:34:43","modified_gmt":"2025-10-30T02:34:43","slug":"o-nama-o-projektu","status":"publish","type":"page","link":"https:\/\/putovanja.plucentar.com\/index.php\/o-nama-o-projektu\/","title":{"rendered":"O nama \/ O projektu"},"content":{"rendered":"\n<p><strong>O meni i projektu PLU Putovanja.<\/strong><\/p>\n\n\n\n<p><strong>PROJEKAT JE AUTORSKO DJELO D.O.O PLU BR\u010cKO<\/strong> i njegovog osniva\u010da Emira Hasanovi\u0107a sa njegovim timo,m<br>Kroz godine rada spojili smo ljubav prema medijima i istra\u017eivanju svijeta u jedinstven projekat: <strong>PLU Putovanja<\/strong>.<\/p>\n\n\n\n<p>Cilj projekta je pokazati da svako putovanje ima smisao, ali i poruku \u2014 bilo da vodi kroz gradove, planine, ili kroz unutra\u0161nji svijet \u010dovjeka.<br>Vjerujemo da putovanja nisu samo udaljenosti koje prelazimo, ve\u0107 i pri\u010de koje \u017eivimo.<\/p>\n","protected":false},"excerpt":{"rendered":"<p>O meni i projektu PLU Putovanja. PROJEKAT JE AUTORSKO DJELO D.O.O PLU BR\u010cKO i njegovog osniva\u010da Emira Hasanovi\u0107a sa njegovim timo,mKroz godine rada spojili smo ljubav prema medijima i istra\u017eivanju svijeta u jedinstven projekat: PLU Putovanja. Cilj projekta je pokazati da svako putovanje ima smisao, ali i poruku \u2014 bilo da vodi kroz gradove, planine, [&hellip;]<\/p>\n","protected":false},"author":1,"featured_media":0,"parent":0,"menu_order":0,"comment_status":"closed","ping_status":"closed","template":"","meta":{"footnotes":""},"class_list":["post-61","page","type-page","status-publish","hentry"],"_links":{"self":[{"href":"https:\/\/putovanja.plucentar.com\/index.php\/wp-json\/wp\/v2\/pages\/61","targetHints":{"allow":["GET"]}}],"collection":[{"href":"https:\/\/putovanja.plucentar.com\/index.php\/wp-json\/wp\/v2\/pages"}],"about":[{"href":"https:\/\/putovanja.plucentar.com\/index.php\/wp-json\/wp\/v2\/types\/page"}],"author":[{"embeddable":true,"href":"https:\/\/putovanja.plucentar.com\/index.php\/wp-json\/wp\/v2\/users\/1"}],"replies":[{"embeddable":true,"href":"https:\/\/putovanja.plucentar.com\/index.php\/wp-json\/wp\/v2\/comments?post=61"}],"version-history":[{"count":1,"href":"https:\/\/putovanja.plucentar.com\/index.php\/wp-json\/wp\/v2\/pages\/61\/revisions"}],"predecessor-version":[{"id":62,"href":"https:\/\/putovanja.plucentar.com\/index.php\/wp-json\/wp\/v2\/pages\/61\/revisions\/62"}],"wp:attachment":[{"href":"https:\/\/putovanja.plucentar.com\/index.php\/wp-json\/wp\/v2\/media?parent=61"}],"curies":[{"name":"wp","href":"https:\/\/api.w.org\/{rel}","templated":true}]}}