{"id":63,"date":"2025-10-30T02:35:53","date_gmt":"2025-10-30T02:35:53","guid":{"rendered":"https:\/\/putovanja.plucentar.com\/?page_id=63"},"modified":"2025-10-30T02:35:53","modified_gmt":"2025-10-30T02:35:53","slug":"saradnja","status":"publish","type":"page","link":"https:\/\/putovanja.plucentar.com\/index.php\/saradnja\/","title":{"rendered":"Saradnja"},"content":{"rendered":"\n<p><br>Postanite dio PLU Putovanja.<br>Ako \u017eelite da va\u0161 brend, smje\u0161taj, destinacija ili proizvod bude dio projekta <strong>PLU Putovanja<\/strong>, kontaktirajte nas.<br>Otvoreni smo za saradnju sa turisti\u010dkim organizacijama, kompanijama, medijima i pojedincima koji dijele iste vrijednosti.<\/p>\n\n\n\n<p>\ud83d\udce7 <em>pi\u0161ite na <a>plucentar@gmail.com<\/a><\/em><br>\ud83d\udccd <em>Br\u010dko, Bosna i Hercegovina<\/em><\/p>\n\n\n\n<p><em>Zajedno mo\u017eemo ispri\u010dati pri\u010de koje inspiri\u0161u druge da krenu na svoje putovanje.<\/em><\/p>\n","protected":false},"excerpt":{"rendered":"<p>Postanite dio PLU Putovanja.Ako \u017eelite da va\u0161 brend, smje\u0161taj, destinacija ili proizvod bude dio projekta PLU Putovanja, kontaktirajte nas.Otvoreni smo za saradnju sa turisti\u010dkim organizacijama, kompanijama, medijima i pojedincima koji dijele iste vrijednosti. \ud83d\udce7 pi\u0161ite na plucentar@gmail.com\ud83d\udccd Br\u010dko, Bosna i Hercegovina Zajedno mo\u017eemo ispri\u010dati pri\u010de koje inspiri\u0161u druge da krenu na svoje putovanje.<\/p>\n","protected":false},"author":1,"featured_media":0,"parent":0,"menu_order":0,"comment_status":"closed","ping_status":"closed","template":"","meta":{"footnotes":""},"class_list":["post-63","page","type-page","status-publish","hentry"],"_links":{"self":[{"href":"https:\/\/putovanja.plucentar.com\/index.php\/wp-json\/wp\/v2\/pages\/63","targetHints":{"allow":["GET"]}}],"collection":[{"href":"https:\/\/putovanja.plucentar.com\/index.php\/wp-json\/wp\/v2\/pages"}],"about":[{"href":"https:\/\/putovanja.plucentar.com\/index.php\/wp-json\/wp\/v2\/types\/page"}],"author":[{"embeddable":true,"href":"https:\/\/putovanja.plucentar.com\/index.php\/wp-json\/wp\/v2\/users\/1"}],"replies":[{"embeddable":true,"href":"https:\/\/putovanja.plucentar.com\/index.php\/wp-json\/wp\/v2\/comments?post=63"}],"version-history":[{"count":1,"href":"https:\/\/putovanja.plucentar.com\/index.php\/wp-json\/wp\/v2\/pages\/63\/revisions"}],"predecessor-version":[{"id":64,"href":"https:\/\/putovanja.plucentar.com\/index.php\/wp-json\/wp\/v2\/pages\/63\/revisions\/64"}],"wp:attachment":[{"href":"https:\/\/putovanja.plucentar.com\/index.php\/wp-json\/wp\/v2\/media?parent=63"}],"curies":[{"name":"wp","href":"https:\/\/api.w.org\/{rel}","templated":true}]}}