{"id":65,"date":"2025-10-30T02:37:09","date_gmt":"2025-10-30T02:37:09","guid":{"rendered":"https:\/\/putovanja.plucentar.com\/?page_id=65"},"modified":"2025-10-30T02:37:09","modified_gmt":"2025-10-30T02:37:09","slug":"kontakt","status":"publish","type":"page","link":"https:\/\/putovanja.plucentar.com\/index.php\/kontakt\/","title":{"rendered":"Kontakt"},"content":{"rendered":"\n<p>Kontaktirajte nas ako imate pitanje, prijedlog ili \u017eelite sara\u0111ivati?<br>Rado \u0107u vam odgovoriti.<br>Ispunite kontakt formu ili me kontaktirajte direktno putem e-maila i dru\u0161tvenih mre\u017ea.<\/p>\n\n\n\n<p>\ud83d\udce7 <strong><a>plucentar@gmail.com<\/a><\/strong><br>\ud83d\udcf1 <strong>+387 61 407 766<\/strong><br>\ud83c\udf10 <strong><a href=\"http:\/\/www.plucentar.com\">www.plucentar.com<\/a><\/strong><\/p>\n","protected":false},"excerpt":{"rendered":"<p>Kontaktirajte nas ako imate pitanje, prijedlog ili \u017eelite sara\u0111ivati?Rado \u0107u vam odgovoriti.Ispunite kontakt formu ili me kontaktirajte direktno putem e-maila i dru\u0161tvenih mre\u017ea. \ud83d\udce7 plucentar@gmail.com\ud83d\udcf1 +387 61 407 766\ud83c\udf10 www.plucentar.com<\/p>\n","protected":false},"author":1,"featured_media":0,"parent":0,"menu_order":0,"comment_status":"closed","ping_status":"closed","template":"","meta":{"footnotes":""},"class_list":["post-65","page","type-page","status-publish","hentry"],"_links":{"self":[{"href":"https:\/\/putovanja.plucentar.com\/index.php\/wp-json\/wp\/v2\/pages\/65","targetHints":{"allow":["GET"]}}],"collection":[{"href":"https:\/\/putovanja.plucentar.com\/index.php\/wp-json\/wp\/v2\/pages"}],"about":[{"href":"https:\/\/putovanja.plucentar.com\/index.php\/wp-json\/wp\/v2\/types\/page"}],"author":[{"embeddable":true,"href":"https:\/\/putovanja.plucentar.com\/index.php\/wp-json\/wp\/v2\/users\/1"}],"replies":[{"embeddable":true,"href":"https:\/\/putovanja.plucentar.com\/index.php\/wp-json\/wp\/v2\/comments?post=65"}],"version-history":[{"count":1,"href":"https:\/\/putovanja.plucentar.com\/index.php\/wp-json\/wp\/v2\/pages\/65\/revisions"}],"predecessor-version":[{"id":66,"href":"https:\/\/putovanja.plucentar.com\/index.php\/wp-json\/wp\/v2\/pages\/65\/revisions\/66"}],"wp:attachment":[{"href":"https:\/\/putovanja.plucentar.com\/index.php\/wp-json\/wp\/v2\/media?parent=65"}],"curies":[{"name":"wp","href":"https:\/\/api.w.org\/{rel}","templated":true}]}}